{"id":1050,"date":"2012-03-01T00:00:01","date_gmt":"2012-03-01T00:00:01","guid":{"rendered":"http:\/\/rttheme18.demo-rt.com\/?page_id=1048"},"modified":"2021-01-17T22:05:33","modified_gmt":"2021-01-17T19:05:33","slug":"full-width-page","status":"publish","type":"page","link":"https:\/\/hmi-embeddedpc.com\/?page_id=1050","title":{"rendered":"HAKKIMIZDA"},"content":{"rendered":"<p style=\"text-align: center;\"><span style=\"color: #000000;\">&nbsp;<\/span><\/p>\n<h5 style=\"text-align: justify; padding-left: 30px;\"><span style=\"color: #000000;\"><strong><img loading=\"lazy\" class=\" wp-image-2487 alignleft\" src=\"http:\/\/istelektronik.com\/wp-content\/uploads\/2012\/03\/Vision-and-mission-293x300.png\" alt=\"vision-and-mission\" width=\"363\" height=\"372\" srcset=\"https:\/\/hmi-embeddedpc.com\/wp-content\/uploads\/2012\/03\/Vision-and-mission-293x300.png 293w, https:\/\/hmi-embeddedpc.com\/wp-content\/uploads\/2012\/03\/Vision-and-mission-768x787.png 768w, https:\/\/hmi-embeddedpc.com\/wp-content\/uploads\/2012\/03\/Vision-and-mission-1000x1024.png 1000w, https:\/\/hmi-embeddedpc.com\/wp-content\/uploads\/2012\/03\/Vision-and-mission.png 1408w\" sizes=\"(max-width: 363px) 100vw, 363px\" \/><\/strong><\/span><\/h5>\n<p><span style=\"color: #000000;\"><strong>IST ELEKTRON\u0130K<\/strong>; T\u00fcrkiye\u2019de <strong>Savunma, End\u00fcstriyel ve Ak\u0131ll\u0131 Sistem Teknolojileri<\/strong> alan\u0131nda \u00fcretim yapan ve yapmak isteyen t\u00fcm \u015firketlere hizmet vermek amac\u0131 ve 15 y\u0131l\u0131 a\u015fk\u0131n deneyimi ile sekt\u00f6re, yeni soluk katmak, fark yaratmak prensibi ile yola \u00e7\u0131km\u0131\u015ft\u0131r.<\/span><\/p>\n<p><span style=\"color: #000000;\">&nbsp;<\/span><\/p>\n<p><span style=\"color: #000000;\">Yenilik\u00e7i ve kaliteli hizmet anlay\u0131\u015f\u0131yla,&nbsp;<strong>Aktif, Pasif ve Elektromekanik Komponentleri, Ak\u0131ll\u0131 Mod\u00fclleri, Pil, PCB, LCD, TFT, Konnekt\u00f6r, Kapasit\u00f6r<\/strong> gibi tamamlay\u0131c\u0131 komponentlerin tedarikini yaparak siz m\u00fc\u015fterilerine, ihtiya\u00e7 duyduklar\u0131 bir\u00e7ok konuda hizmet sunmak hedefleri aras\u0131nda yer almaktad\u0131r.<\/span><\/p>\n<p style=\"text-align: justify;\"><span style=\"color: #000000;\">&nbsp;<\/span><\/p>\n<p style=\"text-align: justify;\"><strong><span style=\"color: #000000;\">V\u0130ZYON<\/span><\/strong><\/p>\n<p style=\"text-align: justify;\"><span style=\"color: #000000;\">Elektronik Komponent ve Elektronik AR&amp;GE alan\u0131nda faaliyet g\u00f6sterdi\u011fi sekt\u00f6rde \u00f6nc\u00fc ve \u00f6zg\u00fcn olmak.&nbsp;<\/span><\/p>\n<p style=\"text-align: justify;\"><strong><span style=\"color: #000000;\">M\u0130SYON<\/span><\/strong><\/p>\n<p style=\"text-align: justify;\"><span style=\"color: #000000;\">T\u00fcrkiye&#8217;de Elektronik \u00dcretim yapan firmalara; d\u00fcnyadaki geli\u015fmeleri takip ederek, sekt\u00f6r\u00fcn ihtiya\u00e7lar\u0131 do\u011frultusunda kaliteli, g\u00fcvenilir ve son teknoloji mal ve hizmet sunmak.&nbsp;<\/span><\/p>\n","protected":false},"excerpt":{"rendered":"<p>&nbsp; IST ELEKTRON\u0130K; T\u00fcrkiye\u2019de Savunma, End\u00fcstriyel ve Ak\u0131ll\u0131 Sistem Teknolojileri alan\u0131nda \u00fcretim yapan ve yapmak isteyen t\u00fcm \u015firketlere hizmet vermek amac\u0131 ve 15 y\u0131l\u0131 a\u015fk\u0131n deneyimi ile sekt\u00f6re, yeni soluk katmak, fark yaratmak prensibi ile yola \u00e7\u0131km\u0131\u015ft\u0131r. &nbsp; Yenilik\u00e7i ve kaliteli hizmet anlay\u0131\u015f\u0131yla,&nbsp;Aktif, Pasif ve Elektromekanik Komponentleri, Ak\u0131ll\u0131 Mod\u00fclleri, Pil, PCB, LCD, TFT, Konnekt\u00f6r, Kapasit\u00f6r [&hellip;]<\/p>\n","protected":false},"author":1,"featured_media":0,"parent":0,"menu_order":0,"comment_status":"open","ping_status":"open","template":"","meta":[],"_links":{"self":[{"href":"https:\/\/hmi-embeddedpc.com\/index.php?rest_route=\/wp\/v2\/pages\/1050"}],"collection":[{"href":"https:\/\/hmi-embeddedpc.com\/index.php?rest_route=\/wp\/v2\/pages"}],"about":[{"href":"https:\/\/hmi-embeddedpc.com\/index.php?rest_route=\/wp\/v2\/types\/page"}],"author":[{"embeddable":true,"href":"https:\/\/hmi-embeddedpc.com\/index.php?rest_route=\/wp\/v2\/users\/1"}],"replies":[{"embeddable":true,"href":"https:\/\/hmi-embeddedpc.com\/index.php?rest_route=%2Fwp%2Fv2%2Fcomments&post=1050"}],"version-history":[{"count":36,"href":"https:\/\/hmi-embeddedpc.com\/index.php?rest_route=\/wp\/v2\/pages\/1050\/revisions"}],"predecessor-version":[{"id":3215,"href":"https:\/\/hmi-embeddedpc.com\/index.php?rest_route=\/wp\/v2\/pages\/1050\/revisions\/3215"}],"wp:attachment":[{"href":"https:\/\/hmi-embeddedpc.com\/index.php?rest_route=%2Fwp%2Fv2%2Fmedia&parent=1050"}],"curies":[{"name":"wp","href":"https:\/\/api.w.org\/{rel}","templated":true}]}}