{"id":68,"date":"2010-08-23T19:14:50","date_gmt":"2010-08-24T02:14:50","guid":{"rendered":"http:\/\/rttheme10.templatemints.com\/?page_id=40"},"modified":"2016-11-21T23:40:26","modified_gmt":"2016-11-21T20:40:26","slug":"contact-us-2","status":"publish","type":"page","link":"https:\/\/hmi-embeddedpc.com\/?page_id=68","title":{"rendered":"\u0130LET\u0130\u015e\u0130M"},"content":{"rendered":"","protected":false},"excerpt":{"rendered":"","protected":false},"author":1,"featured_media":0,"parent":0,"menu_order":0,"comment_status":"open","ping_status":"open","template":"","meta":[],"_links":{"self":[{"href":"https:\/\/hmi-embeddedpc.com\/index.php?rest_route=\/wp\/v2\/pages\/68"}],"collection":[{"href":"https:\/\/hmi-embeddedpc.com\/index.php?rest_route=\/wp\/v2\/pages"}],"about":[{"href":"https:\/\/hmi-embeddedpc.com\/index.php?rest_route=\/wp\/v2\/types\/page"}],"author":[{"embeddable":true,"href":"https:\/\/hmi-embeddedpc.com\/index.php?rest_route=\/wp\/v2\/users\/1"}],"replies":[{"embeddable":true,"href":"https:\/\/hmi-embeddedpc.com\/index.php?rest_route=%2Fwp%2Fv2%2Fcomments&post=68"}],"version-history":[{"count":3,"href":"https:\/\/hmi-embeddedpc.com\/index.php?rest_route=\/wp\/v2\/pages\/68\/revisions"}],"predecessor-version":[{"id":2367,"href":"https:\/\/hmi-embeddedpc.com\/index.php?rest_route=\/wp\/v2\/pages\/68\/revisions\/2367"}],"wp:attachment":[{"href":"https:\/\/hmi-embeddedpc.com\/index.php?rest_route=%2Fwp%2Fv2%2Fmedia&parent=68"}],"curies":[{"name":"wp","href":"https:\/\/api.w.org\/{rel}","templated":true}]}}